{"id":35,"date":"2021-07-26T11:31:55","date_gmt":"2021-07-26T11:31:55","guid":{"rendered":"https:\/\/eyefitturkey.com\/?page_id=35"},"modified":"2021-07-26T11:51:31","modified_gmt":"2021-07-26T11:51:31","slug":"sikca-sorulan-sorular","status":"publish","type":"page","link":"https:\/\/eyefitturkey.com\/?page_id=35","title":{"rendered":"Merak\u0131n\u0131z\u0131 Giderin"},"content":{"rendered":"<p>Bazen bizi \u00e7ok g\u00fcld\u00fcren, bazen de k\u00fcplere bindiren pek \u00e7ok soru ile kar\u015f\u0131la\u015f\u0131yoruz. \u0130\u015fte o sorular\u0131 sizler i\u00e7in derledik.<\/p>\n<p>&nbsp;<\/p>\n<p>&nbsp;<\/p>\n<ul>\n<li><strong>B\u00f6yle bir \u015feyi neden duymad\u0131k? Siz nerden biliyorsunuz? Doktorlar niye duymam\u0131\u015f?\u00a0<\/strong><\/li>\n<li><strong>Kimler faydalanabilir?<\/strong><\/li>\n<li><strong>Uzun zamand\u0131r g\u00f6zl\u00fck kullananlara da uyar m\u0131?<\/strong><\/li>\n<li><strong>Neden e\u011fitim videosu veya CD yerine kitap\u00e7\u0131k var?<\/strong><\/li>\n<li><strong>Setin b\u00fcy\u00fckl\u00fc\u011f\u00fc nedir?<\/strong><\/li>\n<li><strong>Ba\u015fka bir \u015fey sat\u0131n almak gerekiyor mu?\u00a0<\/strong><\/li>\n<li><strong>Nas\u0131l sat\u0131n al\u0131n\u0131r?<\/strong><\/li>\n<li><strong>Faydas\u0131n\u0131 g\u00f6renler var m\u0131?\u00a0<\/strong><\/li>\n<li><strong>Ne kadar s\u00fcrede etkili olur?<\/strong><\/li>\n<li><strong>G\u00f6zl\u00fck derecem y\u00fcksek, bir yandan g\u00f6zl\u00fck, di\u011fer yandan egzersizler nas\u0131l yap\u0131labilir?<\/strong><\/li>\n<\/ul>\n<p><!-- Global site tag (gtag.js) - Google Analytics --><\/p>\n<p>&nbsp;<\/p>\n<p>&nbsp;<\/p>\n<p><strong>B\u00f6yle bir \u015feyi neden duymad\u0131k? Siz nerden biliyorsunuz? Doktorlar niye duymam\u0131\u015f?\u00a0<\/strong><\/p>\n<p>Eyefit e\u011fitimleri 2015 Nisan ay\u0131ndan itibaren verilmeye ba\u015flansa da uzun zamand\u0131r Bates ve Norbekov y\u00f6ntemi e\u011fitimleri nadir de olsa verilmekteydi. Tam anlam\u0131yla sistemli ilk e\u011fitimleri de Nisan 2015&#8217;te \u0130stanbul Altunizade&#8217;de ba\u015flatt\u0131\u011f\u0131m\u0131zda bu kadar h\u0131zl\u0131 duyulaca\u011f\u0131n\u0131 tahmin etmemi\u015ftik.<\/p>\n<p>T\u00fcrkiye&#8217;de ne yaz\u0131k ki \u00e7ok az doktorun bildi\u011fi bu sistem gibi ba\u015fka ba\u015fka pek \u00e7ok fizyoterapik egzersiz var. Mesela Alexander tekni\u011fini hi\u00e7 duymam\u0131\u015f pek \u00e7ok n\u00f6rolog ve ortopediste rastlayabilirsiniz. Bir \u015feyin bilinmiyor veya fak\u00fcltelerde okutulmuyor olmas\u0131n\u0131n ard\u0131nda pek \u00e7ok sebep aranabilir. \u00d6rne\u011fin \u015feker yaralar\u0131nda, yan\u0131k tedavilerinde kullan\u0131lan hiperbarik oksijen tedavisi ile t\u0131p fak\u00fcltesinde tan\u0131\u015fmad\u0131ysan\u0131z bunu kimseye \u00f6neremezsiniz. \u00c7\u00fcnk\u00fc hasta \u00fczerinde deney yapma hakk\u0131n\u0131z yoktur, vicdanen de do\u011fru de\u011fildir.<\/p>\n<p>Bizim y\u00f6ntemimiz G\u00f6z ve kulak-burun bo\u011faz doktoru Willam H.Bates&#8217;in g\u00f6z egzerizlerinin basit fizyoterapi, pilates, yoga, nefes egzersizlerinden ve beslenme kurallar\u0131ndan olu\u015fur. T\u00fcrkiye&#8217;de konu hakk\u0131nda kaynak bulmak ger\u00e7ekten de s\u0131k\u0131nt\u0131l\u0131. \u00dcstelik pek \u00e7ok doktor da b\u00f6yle bir \u00f6nc\u00fcl doktorun varl\u0131\u011f\u0131n\u0131 bile duymam\u0131\u015f.<\/p>\n<p>Oysa Dr. Bates&#8217;in y\u00f6ntemi 1903-1905 y\u0131llar\u0131 aras\u0131nda Newyork&#8217;taki ilkokullarda \u00e7ocuklar\u0131n g\u00f6rme kusurlar\u0131n\u0131 iyile\u015ftirmek amac\u0131yla kullan\u0131lm\u0131\u015f. Optik sekt\u00f6r\u00fcn\u00fcn b\u00fcy\u00fcme trendleri de ne yaz\u0131k ki doktoru \u00e7al\u0131\u015ft\u0131\u011f\u0131 Columbia \u00dcniversitesinden uzakla\u015ft\u0131rm\u0131\u015f. Yine de Dr. Bates Harlem&#8217;deki bir klinikte hastalar\u0131na bakmaya devam etmi\u015f. Hayat arkada\u015f\u0131 Emily Lierman ile birlikte 3 ayda bir yay\u0131nlanan bir b\u00fclten \u00e7\u0131kartarak iyile\u015fme hikayelerini ABD geneline yayabilmi\u015f. 1931 y\u0131l\u0131nda Kolera salg\u0131n\u0131nda vefat edene kadar hastalar\u0131na bakmaya devam etmi\u015f.<\/p>\n<p>Halen d\u00fcnya genelinde pek \u00e7ok doktor ve e\u011fitimci g\u00f6rme kusurlar\u0131n\u0131n egzersiz yoluyla iyile\u015ftirilmesi i\u00e7in \u00e7al\u0131\u015fmalar\u0131na devam etmektedir.<\/p>\n<p>Sistem, T\u00fcrkiye&#8217;de pek bilinmez. Bu y\u00fczden de yayg\u0131n de\u011fildir.<\/p>\n<p><strong>Kimler faydalanabilir?<\/strong><\/p>\n<p>Eyekit ve Eyekid setleri yeti\u015fkinler ve \u00e7ocuklar i\u00e7in ayr\u0131 ayr\u0131 \u00fcretilmi\u015ftir. \u00c7ocuklar\u0131n ebeveynleri ile birlikte \u00e7al\u0131\u015fmas\u0131 gerekmektedir. \u00c7ocuklar i\u00e7in haz\u0131rlanan setler t\u00fcm\u00fcyle oyun i\u00e7eriklidir. Yeti\u015fkinlerin setleri ise farkl\u0131 farkl\u0131, olduk\u00e7a zengin egzersizler i\u00e7erir. Setleri g\u00f6rme kusuru olan herkes kullanabilir. Dereceniz ne olursa olsun mutlaka bir fayda elde edece\u011finizden emin ama l\u00fctfen sab\u0131rl\u0131 olun. Miyop, astigmat, hipermetrop, presbiyopi, g\u00f6z tembelli\u011fi, \u015fa\u015f\u0131l\u0131k, \u015fehlal\u0131k sorunlar\u0131 olan herkes i\u00e7in uygundur.<\/p>\n<p><strong>Uzun zamand\u0131r g\u00f6zl\u00fck kullananlara da uyar m\u0131?<\/strong><\/p>\n<p>ka\u00e7 y\u0131ld\u0131r, hatta bebeklikten beri g\u00f6zl\u00fck tak\u0131yor olman\u0131z sizi ve yarg\u0131lar\u0131n\u0131z\u0131 ilgilendirir. Bizim iddiam\u0131z, sab\u0131rl\u0131, disiplinli bir \u00e7al\u0131\u015fma yaparsan\u0131z g\u00f6r\u00fc\u015f\u00fcn\u00fcz\u00fcn d\u00fczelece\u011fi y\u00f6n\u00fcnde. E\u011fer tembellik etme ihtimaliniz varsa paran\u0131z\u0131 daha keyifli \u015feylere ay\u0131r\u0131n.<\/p>\n<p><strong>Neden e\u011fitim videosu veya CD yerine kitap\u00e7\u0131k var?<\/strong><\/p>\n<p>\u00d6ncelikle sizleri teknolojiye mahkum etmek istemiyoruz. B\u00f6ylece sizin i\u00e7in en \u00f6nemli bahanelerden birisini de ortadan kald\u0131r\u0131yoruz. \u015earj\u0131m bitti, adapt\u00f6r\u00fcm yan\u0131mda de\u011fildi, CD \u00e7izilmi\u015f, elektrikler kesikti, u\u00e7akta elektronik cihazlar\u0131 kapatt\u0131r\u0131yorlar gibi bahaneler art\u0131k yok!<\/p>\n<p>Setin kitap\u00e7\u0131klar\u0131 k\u00fc\u00e7\u00fck, hafif ve cebe bile s\u0131\u011far. B\u00f6ylece egzersizlerinizi her yere yan\u0131n\u0131zda g\u00f6t\u00fcrebilirsiniz. Ayr\u0131ca videolar\u0131n ileriye al\u0131nma, izlenmeme ihtimalleri, aradaki \u00f6nemli detaylar\u0131n atlanma, &#8220;g\u00f6rmemi\u015ftim onu ben&#8221; gibi bahaneler de \u00e7\u00f6pe gidiyor.<\/p>\n<p>Bilgisayar, tablet gibi cihazlar\u0131n \u0131\u015f\u0131klar\u0131 \u00e7ok g\u00f6z yorar. Sizlerin bilgisayarla \u00e7al\u0131\u015fmas\u0131 ba\u015far\u0131 oran\u0131m\u0131z\u0131 azaltaca\u011f\u0131 i\u00e7in tercih etmiyoruz. Bu, bizim yakla\u015f\u0131m\u0131m\u0131z.<\/p>\n<p><strong>Setin b\u00fcy\u00fckl\u00fc\u011f\u00fc nedir?<\/strong><\/p>\n<p>Sadece 25x20x8 santim b\u00fcy\u00fckl\u00fc\u011f\u00fcnde bir kutu ve onun i\u00e7inden \u00e7\u0131kan malzemeleriniz var. Yani yer kaplamaz. <a href=\"https:\/\/www.eyekit.com.tr\/index.php\/2018\/07\/20\/eyekid-cocuklar-icin-egzersiz-seti-icinde-neler-var\/\">\u00c7ocuk<\/a> ve <a href=\"https:\/\/www.eyekit.com.tr\/index.php\/2018\/01\/16\/133\/\">yeti\u015fkin<\/a> setlerinin i\u00e7lerinde neler oldu\u011funa g\u00f6z at\u0131n.<\/p>\n<p><strong>Ba\u015fka bir \u015fey sat\u0131n almak gerekiyor mu?\u00a0<\/strong><\/p>\n<p>\u00c7ocuklar i\u00e7in \u00fcretti\u011fimiz EyeKID i\u00e7in denge tahtas\u0131, pilates topu, atlama ipi, masa tenisi topu ve raket gibi \u00f6nerilerimiz var. Bunlar\u0131 sete koysayd\u0131k set 30 kat\u0131 fiyata ula\u015facak, ve a\u011f\u0131r bir koliniz olacakt\u0131. Yeti\u015fkinlerin seti olan Eyekit&#8217;te ise ek bir \u015fey sat\u0131n alman\u0131z gerekmiyor.<\/p>\n<p><strong>Nas\u0131l sat\u0131n al\u0131n\u0131r?<\/strong><\/p>\n<p>Gittigidiyor.com\u00a0 \u00fczerinden kredi kart\u0131n\u0131zla taksitlendirme yaparak\u00a0 sat\u0131n alma yapabilirsiniz. Ne yaz\u0131k ki kap\u0131da \u00f6deme se\u00e7ene\u011fimiz yok. <a href=\"https:\/\/www.eyekit.com.tr\/index.php\/satin-al\/\">Yeti\u015fkin veya \u00e7ocuk seti sat\u0131n almak i\u00e7in l\u00fctfen t\u0131klay\u0131n.<\/a><\/p>\n<p><strong>Faydas\u0131n\u0131 g\u00f6renler var m\u0131?\u00a0<\/strong><\/p>\n<p>Faydas\u0131n\u0131 g\u00f6renler kadar, bir s\u00fcre sonra bahaneler yaratarak egzersizlerden vazge\u00e7enler de var. Yay\u0131nlamam\u0131za izin verilen hikayeler i\u00e7in youtube sayfam\u0131zdaki videolara g\u00f6z at\u0131n. A\u015fa\u011f\u0131daki ba\u015fl\u0131klar\u0131 ne yaz\u0131k ki isim ve foto\u011fraf vererek a\u00e7\u0131klayam\u0131yoruz.<\/p>\n<p>\u00d6rne\u011fin, 9,5 ya\u015f\u0131nda Ankara&#8217;da ya\u015fayan bir kat\u0131l\u0131mc\u0131m\u0131z\u0131n g\u00f6zleri 2,5 miyop ve ayn\u0131 zamanda da astigmatt\u0131. 2 ayl\u0131k bir \u00e7al\u0131\u015fma sonunda astigmat ortadan kalkt\u0131 ve miyop 1 dereceye kadar d\u00fc\u015ft\u00fc.<\/p>\n<p>Hava hava Okulu&#8217;nun g\u00f6z sa\u011fl\u0131k testini ge\u00e7mesini sa\u011flad\u0131\u011f\u0131m\u0131z \u00f6\u011frencilerin miyoplar\u0131 -2 ve \u00fczerindeydi.<\/p>\n<p>Astigmat soru sebebiyle e\u011fitimimize kat\u0131lan bir han\u0131mefendi e\u011fitimle birlikte g\u00f6zl\u00fcklerini att\u0131. Tam 1 y\u0131ld\u0131r g\u00f6zl\u00fck kullanm\u0131yor.<\/p>\n<p>Ama bu video faydal\u0131 olabilir. <a href=\"https:\/\/youtu.be\/7_wDQLiXfe8\">Irmak han\u0131m\u0131n<\/a> g\u00f6z\u00fc +3,5 derece hipermetrop ve astigmatt\u0131. Art\u0131k kullanm\u0131yor.<\/p>\n<p>Yine e\u011fitime kat\u0131lan -10 miyop bir ba\u015fka han\u0131mefendi e\u011fitimden sonra -5 derecelik eski g\u00f6zl\u00fckleri ile ya\u015fam\u0131n\u0131 \u00e7ok rahat idame ettirir hale geldi.<\/p>\n<p>G\u00f6z\u00fcnde kayma sorunu olan 10 ya\u015f\u0131ndaki E, egzersizlerle iki g\u00f6z aras\u0131ndaki koordinasyonsuzlu\u011fu ortadan kald\u0131rabildi. Do\u011fum esnas\u0131nda olan bir kompilikasyon sebebiyle ciddi bir koordinasyonsuzlu\u011fu vard\u0131. Bize ilk geldi\u011finde 8,5 ya\u015f\u0131ndayd\u0131. Ba\u015far\u0131ya do\u011fru giden hikayede ebeveynlerin yeterince destek olmamas\u0131ndan dolay\u0131 g\u00f6zdeki eksen kaymas\u0131 ile ilgili bir y\u0131ll\u0131k kazan\u0131mlar\u0131m\u0131z bo\u015fa gitti.<\/p>\n<p>K\u00fc\u00e7\u00fck Derin, yine ayn\u0131 ya\u015flarda 4 + hipermetropu vard\u0131. bir yaz d\u00f6neminde egzersizlerini d\u00fczenli \u015fekilde yapt\u0131 ve ertesi y\u0131l g\u00f6zl\u00fc\u011f\u00fc tamamen \u00e7\u0131kartt\u0131. Annesinin konu ile ilgili <a href=\"https:\/\/youtu.be\/BBFIBwLooio\">videosuna ula\u015fabilirsiniz<\/a>. Video, daha bizler e\u011fitim setleri ile ilgili bir \u015fey d\u00fc\u015f\u00fcnmedi\u011fimiz zamanlardan oldu\u011fu i\u00e7in anne-babalar\u0131 e\u011fitti\u011fimiz d\u00f6nemdendir.<\/p>\n<p><strong>Ne kadar s\u00fcrede etkili olur?<\/strong><\/p>\n<p>Bu t\u00fcm\u00fcyle \u00e7al\u0131\u015fma \u015feklinize, bedeninizin bu tip \u015feylere nas\u0131l cevap verdi\u011fine ba\u011fl\u0131. Baz\u0131 insanlar \u00e7ok h\u0131zl\u0131 sonu\u00e7 al\u0131rken, baz\u0131lar\u0131nda s\u00fcre birka\u00e7 ay\u0131 bulabiliyor. Ancak, 2-3 hafta gibi bir s\u00fcre i\u00e7inde g\u00f6zlerinizde tan\u0131mlayamad\u0131\u011f\u0131n\u0131z bir rahatlama olacakt\u0131r. A\u011f\u0131rlar, batma, g\u00f6z yorgunlu\u011fu, sulanma, kuruluk ve\u00a0 yanmalar ciddi oranda azal\u0131r. Egzersizler s\u00fcresince A, C, E vitaminleri, lutein, magnezyum,\u00a0 i\u00e7eren g\u0131dalardan bolca t\u00fcketmeye \u00f6zen g\u00f6sterin. A\u00e7\u0131k havada g\u00f6zl\u00fcks\u00fcz \u00e7ok zaman ge\u00e7irin.<\/p>\n<p>Egzersizler ba\u015flad\u0131ktan 2,3 hafta sonra ilk rahatlamalar\u0131 fark edeceksiniz. Hedefimizse 4 ay i\u00e7inde derecenizde az ya da \u00e7ok ama bir gerileme sa\u011flayabilmek. Bu sebeple, d\u00fczenli, disipli ve sistemli bir \u015fekilde \u00e7al\u0131\u015ft\u0131ktan 6,8 ay sonra doktorunuza yeni bir \u00f6l\u00e7\u00fcm i\u00e7in g\u00f6r\u00fcnmelisiniz.<\/p>\n<p><strong><em>Unutmay\u0131n! Bu bir performans sporu de\u011fil. Art\u0131k hayat\u0131n\u0131z\u0131n bir par\u00e7as\u0131 olacak. Bu sebeple bedeninize zaman tan\u0131y\u0131n.<\/em>\u00a0<\/strong><\/p>\n<p><strong>G\u00f6zl\u00fck derecem y\u00fcksek, bir yandan g\u00f6zl\u00fck, di\u011fer yandan egzersizler nas\u0131l yap\u0131labilir?<\/strong><\/p>\n<p>G\u00f6zl\u00fcklerinizi s\u00fcrekli takmay\u0131n. Sadece ihtiyac\u0131n\u0131z oldu\u011funda tak\u0131n. \u00d6rne\u011fin i\u015f yerinde g\u00f6zl\u00fc\u011f\u00fcn\u00fcz\u00fc kulland\u0131n\u0131z. Ak\u015fam evde \u00e7\u0131kart\u0131p, size yollayaca\u011f\u0131m\u0131z stenopeik g\u00f6zl\u00fc\u011f\u00fc tak\u0131n. G\u00f6zl\u00fc\u011f\u00fcn kullan\u0131m kurallar\u0131n\u0131 mutlaka okuyun ve bu kurallara uygun \u015fekilde tak\u0131n. G\u00f6z dinlendirmelerinizi s\u0131k s\u0131k yap\u0131n. Siz yollad\u0131\u011f\u0131m\u0131z g\u00f6zl\u00fc\u011f\u00fc i\u015f yerinde bilgisayar ba\u015f\u0131nda da takabilirsiniz. Karizman\u0131z m\u0131, g\u00f6rme sa\u011fl\u0131\u011f\u0131n\u0131z m\u0131 \u00f6nemli; siz karar verin!<\/p>\n<p>&nbsp;<\/p>\n","protected":false},"excerpt":{"rendered":"<p>Bazen bizi \u00e7ok g\u00fcld\u00fcren, bazen de k\u00fcplere bindiren pek \u00e7ok soru ile kar\u015f\u0131la\u015f\u0131yoruz. \u0130\u015fte o sorular\u0131 sizler i\u00e7in derledik. &nbsp; &nbsp; B\u00f6yle bir \u015feyi neden duymad\u0131k? Siz nerden biliyorsunuz? Doktorlar niye duymam\u0131\u015f?\u00a0 Kimler faydalanabilir? Uzun zamand\u0131r g\u00f6zl\u00fck kullananlara da uyar m\u0131? Neden e\u011fitim videosu veya CD yerine kitap\u00e7\u0131k var? Setin b\u00fcy\u00fckl\u00fc\u011f\u00fc nedir? Ba\u015fka bir \u015fey sat\u0131n almak gerekiyor mu?\u00a0 Nas\u0131l sat\u0131n al\u0131n\u0131r? Faydas\u0131n\u0131 g\u00f6renler var m\u0131?\u00a0 Ne kadar s\u00fcrede etkili olur? G\u00f6zl\u00fck derecem y\u00fcksek, bir yandan g\u00f6zl\u00fck, di\u011fer yandan egzersizler nas\u0131l yap\u0131labilir? &nbsp; &nbsp; B\u00f6yle bir \u015feyi neden duymad\u0131k? Siz nerden biliyorsunuz? Doktorlar niye duymam\u0131\u015f?\u00a0 Eyefit e\u011fitimleri 2015 Nisan ay\u0131ndan itibaren verilmeye ba\u015flansa da uzun zamand\u0131r Bates ve Norbekov y\u00f6ntemi e\u011fitimleri nadir de olsa verilmekteydi. Tam anlam\u0131yla sistemli ilk e\u011fitimleri de Nisan 2015&#8217;te \u0130stanbul Altunizade&#8217;de ba\u015flatt\u0131\u011f\u0131m\u0131zda bu kadar h\u0131zl\u0131 duyulaca\u011f\u0131n\u0131 tahmin etmemi\u015ftik. T\u00fcrkiye&#8217;de ne yaz\u0131k ki \u00e7ok az doktorun bildi\u011fi bu sistem gibi ba\u015fka ba\u015fka pek \u00e7ok fizyoterapik egzersiz var. Mesela Alexander tekni\u011fini hi\u00e7 duymam\u0131\u015f pek \u00e7ok n\u00f6rolog ve ortopediste rastlayabilirsiniz. Bir \u015feyin bilinmiyor veya fak\u00fcltelerde okutulmuyor olmas\u0131n\u0131n ard\u0131nda pek \u00e7ok sebep aranabilir. \u00d6rne\u011fin \u015feker yaralar\u0131nda, yan\u0131k tedavilerinde kullan\u0131lan hiperbarik oksijen tedavisi ile t\u0131p fak\u00fcltesinde tan\u0131\u015fmad\u0131ysan\u0131z bunu kimseye \u00f6neremezsiniz. \u00c7\u00fcnk\u00fc hasta \u00fczerinde deney yapma hakk\u0131n\u0131z yoktur, vicdanen de do\u011fru de\u011fildir. Bizim y\u00f6ntemimiz G\u00f6z ve kulak-burun bo\u011faz doktoru Willam H.Bates&#8217;in g\u00f6z egzerizlerinin basit fizyoterapi, pilates, yoga, nefes egzersizlerinden ve beslenme kurallar\u0131ndan olu\u015fur. T\u00fcrkiye&#8217;de konu hakk\u0131nda kaynak bulmak ger\u00e7ekten de s\u0131k\u0131nt\u0131l\u0131. \u00dcstelik pek \u00e7ok doktor da b\u00f6yle bir \u00f6nc\u00fcl doktorun varl\u0131\u011f\u0131n\u0131 bile duymam\u0131\u015f. Oysa Dr. Bates&#8217;in y\u00f6ntemi 1903-1905 y\u0131llar\u0131 aras\u0131nda Newyork&#8217;taki ilkokullarda \u00e7ocuklar\u0131n g\u00f6rme kusurlar\u0131n\u0131 iyile\u015ftirmek amac\u0131yla kullan\u0131lm\u0131\u015f. Optik sekt\u00f6r\u00fcn\u00fcn b\u00fcy\u00fcme trendleri de ne yaz\u0131k ki doktoru \u00e7al\u0131\u015ft\u0131\u011f\u0131 Columbia \u00dcniversitesinden uzakla\u015ft\u0131rm\u0131\u015f. Yine de Dr. Bates Harlem&#8217;deki bir klinikte hastalar\u0131na bakmaya devam etmi\u015f. Hayat arkada\u015f\u0131 Emily Lierman ile birlikte 3 ayda bir yay\u0131nlanan bir b\u00fclten \u00e7\u0131kartarak iyile\u015fme hikayelerini ABD geneline yayabilmi\u015f. 1931 y\u0131l\u0131nda Kolera salg\u0131n\u0131nda vefat edene kadar hastalar\u0131na bakmaya devam etmi\u015f. Halen d\u00fcnya genelinde pek \u00e7ok doktor ve e\u011fitimci g\u00f6rme kusurlar\u0131n\u0131n egzersiz yoluyla iyile\u015ftirilmesi i\u00e7in \u00e7al\u0131\u015fmalar\u0131na devam etmektedir. Sistem, T\u00fcrkiye&#8217;de pek bilinmez. Bu y\u00fczden de yayg\u0131n de\u011fildir. Kimler faydalanabilir? Eyekit ve Eyekid setleri yeti\u015fkinler ve \u00e7ocuklar i\u00e7in ayr\u0131 ayr\u0131 \u00fcretilmi\u015ftir. \u00c7ocuklar\u0131n ebeveynleri ile birlikte \u00e7al\u0131\u015fmas\u0131 gerekmektedir. \u00c7ocuklar i\u00e7in haz\u0131rlanan setler t\u00fcm\u00fcyle oyun i\u00e7eriklidir. Yeti\u015fkinlerin setleri ise farkl\u0131 farkl\u0131, olduk\u00e7a zengin egzersizler i\u00e7erir. Setleri g\u00f6rme kusuru olan herkes kullanabilir. Dereceniz ne olursa olsun mutlaka bir fayda elde edece\u011finizden emin ama l\u00fctfen sab\u0131rl\u0131 olun. Miyop, astigmat, hipermetrop, presbiyopi, g\u00f6z tembelli\u011fi, \u015fa\u015f\u0131l\u0131k, \u015fehlal\u0131k sorunlar\u0131 olan herkes i\u00e7in uygundur. Uzun zamand\u0131r g\u00f6zl\u00fck kullananlara da uyar m\u0131? ka\u00e7 y\u0131ld\u0131r, hatta bebeklikten beri g\u00f6zl\u00fck tak\u0131yor olman\u0131z sizi ve yarg\u0131lar\u0131n\u0131z\u0131 ilgilendirir. Bizim iddiam\u0131z, sab\u0131rl\u0131, disiplinli bir \u00e7al\u0131\u015fma yaparsan\u0131z g\u00f6r\u00fc\u015f\u00fcn\u00fcz\u00fcn d\u00fczelece\u011fi y\u00f6n\u00fcnde. E\u011fer tembellik etme ihtimaliniz varsa paran\u0131z\u0131 daha keyifli \u015feylere ay\u0131r\u0131n. Neden e\u011fitim videosu veya CD yerine kitap\u00e7\u0131k var? \u00d6ncelikle sizleri teknolojiye mahkum etmek istemiyoruz. B\u00f6ylece sizin i\u00e7in en \u00f6nemli bahanelerden birisini de ortadan kald\u0131r\u0131yoruz. \u015earj\u0131m bitti, adapt\u00f6r\u00fcm yan\u0131mda de\u011fildi, CD \u00e7izilmi\u015f, elektrikler kesikti, u\u00e7akta elektronik cihazlar\u0131 kapatt\u0131r\u0131yorlar gibi bahaneler art\u0131k yok! Setin kitap\u00e7\u0131klar\u0131 k\u00fc\u00e7\u00fck, hafif ve cebe bile s\u0131\u011far. B\u00f6ylece egzersizlerinizi her yere yan\u0131n\u0131zda g\u00f6t\u00fcrebilirsiniz. Ayr\u0131ca videolar\u0131n ileriye al\u0131nma, izlenmeme ihtimalleri, aradaki \u00f6nemli detaylar\u0131n atlanma, &#8220;g\u00f6rmemi\u015ftim onu ben&#8221; gibi bahaneler de \u00e7\u00f6pe gidiyor. Bilgisayar, tablet gibi cihazlar\u0131n \u0131\u015f\u0131klar\u0131 \u00e7ok g\u00f6z yorar. Sizlerin bilgisayarla \u00e7al\u0131\u015fmas\u0131 ba\u015far\u0131 oran\u0131m\u0131z\u0131 azaltaca\u011f\u0131 i\u00e7in tercih etmiyoruz. Bu, bizim yakla\u015f\u0131m\u0131m\u0131z. Setin b\u00fcy\u00fckl\u00fc\u011f\u00fc nedir? Sadece 25x20x8 santim b\u00fcy\u00fckl\u00fc\u011f\u00fcnde bir kutu ve onun i\u00e7inden \u00e7\u0131kan malzemeleriniz var. Yani yer kaplamaz. \u00c7ocuk ve yeti\u015fkin setlerinin i\u00e7lerinde neler oldu\u011funa g\u00f6z at\u0131n. Ba\u015fka bir \u015fey sat\u0131n almak gerekiyor mu?\u00a0 \u00c7ocuklar i\u00e7in \u00fcretti\u011fimiz EyeKID i\u00e7in denge tahtas\u0131, pilates topu, atlama ipi, masa tenisi topu ve raket gibi \u00f6nerilerimiz var. Bunlar\u0131 sete koysayd\u0131k set 30 kat\u0131 fiyata ula\u015facak, ve a\u011f\u0131r bir koliniz olacakt\u0131. Yeti\u015fkinlerin seti olan Eyekit&#8217;te ise ek bir \u015fey sat\u0131n alman\u0131z gerekmiyor. Nas\u0131l sat\u0131n al\u0131n\u0131r? Gittigidiyor.com\u00a0 \u00fczerinden kredi kart\u0131n\u0131zla taksitlendirme yaparak\u00a0 sat\u0131n alma yapabilirsiniz. Ne yaz\u0131k ki kap\u0131da \u00f6deme se\u00e7ene\u011fimiz yok. Yeti\u015fkin veya \u00e7ocuk seti sat\u0131n almak i\u00e7in l\u00fctfen t\u0131klay\u0131n. Faydas\u0131n\u0131 g\u00f6renler var m\u0131?\u00a0 Faydas\u0131n\u0131 g\u00f6renler kadar, bir s\u00fcre sonra bahaneler yaratarak egzersizlerden vazge\u00e7enler de var. Yay\u0131nlamam\u0131za izin verilen hikayeler i\u00e7in youtube sayfam\u0131zdaki videolara g\u00f6z at\u0131n. A\u015fa\u011f\u0131daki ba\u015fl\u0131klar\u0131 ne yaz\u0131k ki isim ve foto\u011fraf vererek a\u00e7\u0131klayam\u0131yoruz. \u00d6rne\u011fin, 9,5 ya\u015f\u0131nda Ankara&#8217;da ya\u015fayan bir kat\u0131l\u0131mc\u0131m\u0131z\u0131n g\u00f6zleri 2,5 miyop ve ayn\u0131 zamanda da astigmatt\u0131. 2 ayl\u0131k bir \u00e7al\u0131\u015fma sonunda astigmat ortadan kalkt\u0131 ve miyop 1 dereceye kadar d\u00fc\u015ft\u00fc. Hava hava Okulu&#8217;nun g\u00f6z sa\u011fl\u0131k testini ge\u00e7mesini sa\u011flad\u0131\u011f\u0131m\u0131z \u00f6\u011frencilerin miyoplar\u0131 -2 ve \u00fczerindeydi. Astigmat soru sebebiyle e\u011fitimimize kat\u0131lan bir han\u0131mefendi e\u011fitimle birlikte g\u00f6zl\u00fcklerini att\u0131. Tam 1 y\u0131ld\u0131r g\u00f6zl\u00fck kullanm\u0131yor. Ama bu video faydal\u0131 olabilir. Irmak han\u0131m\u0131n g\u00f6z\u00fc +3,5 derece hipermetrop ve astigmatt\u0131. Art\u0131k kullanm\u0131yor. Yine e\u011fitime kat\u0131lan -10 miyop bir ba\u015fka han\u0131mefendi e\u011fitimden sonra -5 derecelik eski g\u00f6zl\u00fckleri ile ya\u015fam\u0131n\u0131 \u00e7ok rahat idame ettirir hale geldi. G\u00f6z\u00fcnde kayma sorunu olan 10 ya\u015f\u0131ndaki E, egzersizlerle iki g\u00f6z aras\u0131ndaki koordinasyonsuzlu\u011fu ortadan kald\u0131rabildi. Do\u011fum esnas\u0131nda olan bir kompilikasyon sebebiyle ciddi bir koordinasyonsuzlu\u011fu vard\u0131. Bize ilk geldi\u011finde 8,5 ya\u015f\u0131ndayd\u0131. Ba\u015far\u0131ya do\u011fru giden hikayede ebeveynlerin yeterince destek olmamas\u0131ndan dolay\u0131 g\u00f6zdeki eksen kaymas\u0131 ile ilgili bir y\u0131ll\u0131k kazan\u0131mlar\u0131m\u0131z bo\u015fa gitti. K\u00fc\u00e7\u00fck Derin, yine ayn\u0131 ya\u015flarda 4 + hipermetropu vard\u0131. bir yaz d\u00f6neminde egzersizlerini d\u00fczenli \u015fekilde yapt\u0131 ve ertesi y\u0131l g\u00f6zl\u00fc\u011f\u00fc tamamen \u00e7\u0131kartt\u0131. Annesinin konu ile ilgili videosuna ula\u015fabilirsiniz. Video, daha bizler e\u011fitim setleri ile ilgili bir \u015fey d\u00fc\u015f\u00fcnmedi\u011fimiz zamanlardan oldu\u011fu i\u00e7in anne-babalar\u0131 e\u011fitti\u011fimiz d\u00f6nemdendir. Ne kadar s\u00fcrede etkili olur? Bu t\u00fcm\u00fcyle \u00e7al\u0131\u015fma \u015feklinize, bedeninizin bu tip \u015feylere nas\u0131l cevap verdi\u011fine ba\u011fl\u0131. Baz\u0131 insanlar \u00e7ok h\u0131zl\u0131 sonu\u00e7 al\u0131rken, baz\u0131lar\u0131nda s\u00fcre birka\u00e7 ay\u0131 bulabiliyor. Ancak, 2-3 hafta gibi bir s\u00fcre i\u00e7inde g\u00f6zlerinizde tan\u0131mlayamad\u0131\u011f\u0131n\u0131z bir rahatlama olacakt\u0131r. A\u011f\u0131rlar, batma, g\u00f6z yorgunlu\u011fu, sulanma, kuruluk ve\u00a0 yanmalar ciddi oranda azal\u0131r. Egzersizler s\u00fcresince A, C, E vitaminleri, lutein, magnezyum,\u00a0 i\u00e7eren g\u0131dalardan bolca t\u00fcketmeye \u00f6zen g\u00f6sterin. A\u00e7\u0131k havada g\u00f6zl\u00fcks\u00fcz \u00e7ok zaman ge\u00e7irin. Egzersizler ba\u015flad\u0131ktan 2,3 hafta sonra ilk rahatlamalar\u0131 fark edeceksiniz. Hedefimizse 4 ay i\u00e7inde derecenizde az ya da \u00e7ok ama bir gerileme sa\u011flayabilmek. Bu sebeple, d\u00fczenli, disipli ve sistemli bir \u015fekilde \u00e7al\u0131\u015ft\u0131ktan 6,8 ay sonra doktorunuza yeni bir \u00f6l\u00e7\u00fcm i\u00e7in g\u00f6r\u00fcnmelisiniz. Unutmay\u0131n! Bu bir performans sporu de\u011fil. Art\u0131k hayat\u0131n\u0131z\u0131n bir par\u00e7as\u0131 olacak. Bu sebeple bedeninize zaman tan\u0131y\u0131n.\u00a0 G\u00f6zl\u00fck derecem y\u00fcksek, bir yandan g\u00f6zl\u00fck, di\u011fer yandan egzersizler nas\u0131l yap\u0131labilir? G\u00f6zl\u00fcklerinizi s\u00fcrekli takmay\u0131n. Sadece ihtiyac\u0131n\u0131z oldu\u011funda tak\u0131n. \u00d6rne\u011fin i\u015f yerinde g\u00f6zl\u00fc\u011f\u00fcn\u00fcz\u00fc kulland\u0131n\u0131z. Ak\u015fam evde \u00e7\u0131kart\u0131p, size yollayaca\u011f\u0131m\u0131z stenopeik g\u00f6zl\u00fc\u011f\u00fc tak\u0131n. G\u00f6zl\u00fc\u011f\u00fcn kullan\u0131m kurallar\u0131n\u0131 mutlaka okuyun ve bu kurallara uygun \u015fekilde tak\u0131n. G\u00f6z dinlendirmelerinizi s\u0131k s\u0131k yap\u0131n. Siz yollad\u0131\u011f\u0131m\u0131z g\u00f6zl\u00fc\u011f\u00fc i\u015f yerinde bilgisayar ba\u015f\u0131nda da takabilirsiniz. Karizman\u0131z m\u0131, g\u00f6rme sa\u011fl\u0131\u011f\u0131n\u0131z m\u0131 \u00f6nemli; siz karar verin! &nbsp;<\/p>\n","protected":false},"author":1,"featured_media":0,"parent":0,"menu_order":0,"comment_status":"closed","ping_status":"closed","template":"","meta":{"footnotes":""},"class_list":["post-35","page","type-page","status-publish","hentry"],"_links":{"self":[{"href":"https:\/\/eyefitturkey.com\/index.php?rest_route=\/wp\/v2\/pages\/35","targetHints":{"allow":["GET"]}}],"collection":[{"href":"https:\/\/eyefitturkey.com\/index.php?rest_route=\/wp\/v2\/pages"}],"about":[{"href":"https:\/\/eyefitturkey.com\/index.php?rest_route=\/wp\/v2\/types\/page"}],"author":[{"embeddable":true,"href":"https:\/\/eyefitturkey.com\/index.php?rest_route=\/wp\/v2\/users\/1"}],"replies":[{"embeddable":true,"href":"https:\/\/eyefitturkey.com\/index.php?rest_route=%2Fwp%2Fv2%2Fcomments&post=35"}],"version-history":[{"count":4,"href":"https:\/\/eyefitturkey.com\/index.php?rest_route=\/wp\/v2\/pages\/35\/revisions"}],"predecessor-version":[{"id":41,"href":"https:\/\/eyefitturkey.com\/index.php?rest_route=\/wp\/v2\/pages\/35\/revisions\/41"}],"wp:attachment":[{"href":"https:\/\/eyefitturkey.com\/index.php?rest_route=%2Fwp%2Fv2%2Fmedia&parent=35"}],"curies":[{"name":"wp","href":"https:\/\/api.w.org\/{rel}","templated":true}]}}